{"id":196,"date":"2021-05-27T19:21:57","date_gmt":"2021-05-27T17:21:57","guid":{"rendered":"https:\/\/kayrox.com\/?page_id=196"},"modified":"2021-05-27T19:52:34","modified_gmt":"2021-05-27T17:52:34","slug":"196-2","status":"publish","type":"page","link":"https:\/\/kayrox.com\/?page_id=196","title":{"rendered":"Blog"},"content":{"rendered":"<p>[et_pb_section fb_built=\u00bb1&#8243; admin_label=\u00bbHero Section\u00bb _builder_version=\u00bb4.9.4&#8243; use_background_color_gradient=\u00bbon\u00bb background_color_gradient_start=\u00bbrgba(244,240,233,0.9)\u00bb background_color_gradient_end=\u00bbrgba(244,240,233,0)\u00bb background_color_gradient_direction=\u00bb90deg\u00bb background_color_gradient_start_position=\u00bb30%\u00bb background_color_gradient_overlays_image=\u00bbon\u00bb background_image=\u00bbhttps:\/\/kayrox.com\/wp-content\/uploads\/2021\/05\/fondo-kayrox-3.jpg\u00bb min_height=\u00bb341px\u00bb custom_margin=\u00bb||-2px|||\u00bb custom_padding=\u00bb21px|0px|35px|0px||\u00bb][et_pb_row custom_padding_last_edited=\u00bboff|desktop\u00bb admin_label=\u00bbHero Area\u00bb _builder_version=\u00bb4.9.4&#8243; custom_padding=\u00bb27px|0px|0px|0px\u00bb][et_pb_column type=\u00bb4_4&#8243; _builder_version=\u00bb4.9.4&#8243; custom_padding=\u00bb|||\u00bb custom_padding__hover=\u00bb|||\u00bb][et_pb_text admin_label=\u00bbHero Title\u00bb _builder_version=\u00bb4.9.4&#8243; text_font=\u00bbRoboto|300|||||||\u00bb text_font_size=\u00bb31px\u00bb header_font=\u00bbRoboto|300|||||||\u00bb header_font_size=\u00bb80px\u00bb header_letter_spacing=\u00bb-3px\u00bb header_line_height=\u00bb1.1em\u00bb custom_margin=\u00bb||0px|\u00bb custom_padding=\u00bb|||\u00bb animation_style=\u00bbslide\u00bb animation_direction=\u00bbleft\u00bb animation_intensity_slide=\u00bb5%\u00bb animation_starting_opacity=\u00bb100%\u00bb text_font_size_last_edited=\u00bboff|desktop\u00bb header_font_size_tablet=\u00bb\u00bb header_font_size_phone=\u00bb60px\u00bb header_font_size_last_edited=\u00bbon|phone\u00bb]<\/p>\n<h1>Blog<\/h1>\n<p>[\/et_pb_text][et_pb_text _builder_version=\u00bb4.9.4&#8243; text_font=\u00bbRoboto|300|||||||\u00bb text_font_size=\u00bb24px\u00bb text_line_height=\u00bb1.8em\u00bb header_font=\u00bb||||||||\u00bb max_width=\u00bb500px\u00bb custom_margin=\u00bb|||\u00bb custom_padding=\u00bb||10px|\u00bb animation_style=\u00bbslide\u00bb animation_direction=\u00bbleft\u00bb animation_intensity_slide=\u00bb5%\u00bb animation_starting_opacity=\u00bb100%\u00bb]<\/p>\n<p>CREA EXPERIENCIAS INMERSIVAS para la formaci\u00f3n y capacitaci\u00f3n que cubren el ciclo de aprendizaje inmersivo, con posibilidad de tele asistencia, y todo, en una \u00fanica herramienta.<\/p>\n<p>[\/et_pb_text][\/et_pb_column][\/et_pb_row][\/et_pb_section][et_pb_section fb_built=\u00bb1&#8243; admin_label=\u00bbBlog Section\u00bb _builder_version=\u00bb3.22&#8243; custom_padding=\u00bb59px||110px|||\u00bb][et_pb_row _builder_version=\u00bb3.25&#8243; custom_margin=\u00bb|auto|-8px|auto||\u00bb][et_pb_column type=\u00bb4_4&#8243; _builder_version=\u00bb3.25&#8243; custom_padding=\u00bb|||\u00bb custom_padding__hover=\u00bb|||\u00bb][et_pb_blog include_categories=\u00bball\u00bb show_author=\u00bboff\u00bb _builder_version=\u00bb4.9.4&#8243; header_font=\u00bbRoboto|300|||||||\u00bb body_font=\u00bbRoboto|300|||||||\u00bb body_font_size=\u00bb22px\u00bb body_line_height=\u00bb1.8em\u00bb meta_font=\u00bbRoboto|300|||||||\u00bb meta_text_color=\u00bbrgba(0,0,0,0.23)\u00bb hover_enabled=\u00bb0&#8243; border_width_all=\u00bb0px\u00bb sticky_enabled=\u00bb0&#8243;][\/et_pb_blog][\/et_pb_column][\/et_pb_row][\/et_pb_section][et_pb_section fb_built=\u00bb1&#8243; admin_label=\u00bbContact Us\u00bb module_id=\u00bbcontacto\u00bb _builder_version=\u00bb4.9.4&#8243; background_color=\u00bb#f2f2f2&#8243; background_image=\u00bbhttps:\/\/kayrox.com\/wp-content\/uploads\/2021\/05\/vr3.jpg\u00bb parallax=\u00bbon\u00bb custom_padding=\u00bb100px|0px|100px|0px\u00bb animation_style=\u00bbslide\u00bb animation_direction=\u00bbright\u00bb global_module=\u00bb183&#8243; locked=\u00bboff\u00bb collapsed=\u00bboff\u00bb][et_pb_row column_structure=\u00bb1_2,1_2&#8243; make_equal=\u00bbon\u00bb _builder_version=\u00bb4.9.4&#8243; background_size=\u00bbinitial\u00bb background_position=\u00bbtop_left\u00bb background_repeat=\u00bbrepeat\u00bb max_width=\u00bb1280px\u00bb custom_margin=\u00bb|||\u00bb custom_padding=\u00bb|||\u00bb use_custom_width=\u00bbon\u00bb custom_width_px=\u00bb1280px\u00bb][et_pb_column type=\u00bb1_2&#8243; _builder_version=\u00bb4.9.4&#8243; background_color=\u00bbgcid-f8963ed7-545b-4e17-a8d0-2085bea76123&#8243; custom_padding=\u00bb100px|5%|100px|5%\u00bb global_colors_info=\u00bb{%22gcid-f8963ed7-545b-4e17-a8d0-2085bea76123%22:%91%22background_color%22%93}\u00bb custom_padding__hover=\u00bb|||\u00bb][et_pb_text _builder_version=\u00bb4.9.4&#8243; text_font=\u00bbRoboto|300|||||||\u00bb text_text_color=\u00bb#000000&#8243; text_font_size=\u00bb26px\u00bb text_line_height=\u00bb1.3em\u00bb header_font=\u00bb||||||||\u00bb header_3_font=\u00bbRoboto|300|||||||\u00bb header_3_text_align=\u00bbleft\u00bb header_3_text_color=\u00bb#000000&#8243; header_3_font_size=\u00bb37px\u00bb header_3_line_height=\u00bb1.3em\u00bb background_size=\u00bbinitial\u00bb background_position=\u00bbtop_left\u00bb background_repeat=\u00bbrepeat\u00bb background_layout=\u00bbdark\u00bb max_width=\u00bb400px\u00bb module_alignment=\u00bbcenter\u00bb custom_padding=\u00bb||30px|\u00bb]<\/p>\n<h3>Kayrox<\/h3>\n<p>Creaci\u00f3n y publicaci\u00f3n de experiencias inmersivas<br \/>\nde manera \u00e1gil e intuitiva.<\/p>\n<p>[\/et_pb_text][et_pb_text _builder_version=\u00bb4.9.4&#8243; text_font=\u00bbRoboto|300|||||||\u00bb text_text_color=\u00bb#000000&#8243; text_font_size=\u00bb24px\u00bb text_letter_spacing=\u00bb1px\u00bb background_size=\u00bbinitial\u00bb background_position=\u00bbtop_left\u00bb background_repeat=\u00bbrepeat\u00bb module_alignment=\u00bbcenter\u00bb custom_margin=\u00bb4px||12px||false|false\u00bb custom_padding=\u00bb|||37px|false|false\u00bb animation_style=\u00bbzoom\u00bb animation_intensity_zoom=\u00bb20%\u00bb]<\/p>\n<p><strong>Contacto<br \/><\/strong><span style=\"font-size: 15px;\">Lunes &#8211; Viernes 09:00am \u2013 17:00pm<br \/>Parque Tecnol\u00f3gico de Zamudio<\/span><br \/><span style=\"font-size: 15px;\">Edificio 700<br \/>Parque Zamudio, Bizkaia \u2014 Spain<\/span><\/p>\n<p>[\/et_pb_text][et_pb_divider show_divider=\u00bboff\u00bb disabled_on=\u00bbon|on|off%22%22%22%22&#8243; _builder_version=\u00bb3.2&#8243; max_width=\u00bb400px\u00bb module_alignment=\u00bbcenter\u00bb height=\u00bb2px\u00bb custom_margin=\u00bb||0px|\u00bb custom_padding=\u00bb|||\u00bb animation_style=\u00bbzoom\u00bb animation_intensity_zoom=\u00bb20%\u00bb][\/et_pb_divider][et_pb_button button_text=\u00bbContacta con Kayrox\u00bb button_alignment=\u00bbleft\u00bb _builder_version=\u00bb4.9.4&#8243; custom_button=\u00bbon\u00bb button_text_size=\u00bb21px\u00bb button_text_color=\u00bbgcid-e3ca3f3b-df8f-44ba-bc6d-c6f53b852331&#8243; button_bg_color=\u00bbRGBA(0,0,0,0)\u00bb button_border_width=\u00bb2px\u00bb button_border_color=\u00bbgcid-e3ca3f3b-df8f-44ba-bc6d-c6f53b852331&#8243; button_border_radius=\u00bb0px\u00bb button_letter_spacing=\u00bb2px\u00bb button_font=\u00bbRoboto|300||on|||||\u00bb button_use_icon=\u00bboff\u00bb custom_margin=\u00bb30px|||\u00bb button_border_radius_hover=\u00bb0px\u00bb button_letter_spacing_hover=\u00bb2px\u00bb global_colors_info=\u00bb{%22gcid-e3ca3f3b-df8f-44ba-bc6d-c6f53b852331%22:%91%22button_border_color%22,%22button_text_color%22%93}\u00bb button_text_size__hover_enabled=\u00bboff\u00bb button_one_text_size__hover_enabled=\u00bboff\u00bb button_two_text_size__hover_enabled=\u00bboff\u00bb button_text_color__hover_enabled=\u00bboff\u00bb button_one_text_color__hover_enabled=\u00bboff\u00bb button_two_text_color__hover_enabled=\u00bboff\u00bb button_border_width__hover_enabled=\u00bboff\u00bb button_one_border_width__hover_enabled=\u00bboff\u00bb button_two_border_width__hover_enabled=\u00bboff\u00bb button_border_color__hover_enabled=\u00bboff\u00bb button_one_border_color__hover_enabled=\u00bboff\u00bb button_two_border_color__hover_enabled=\u00bboff\u00bb button_border_radius__hover_enabled=\u00bbon\u00bb button_border_radius__hover=\u00bb0px\u00bb button_one_border_radius__hover_enabled=\u00bboff\u00bb button_two_border_radius__hover_enabled=\u00bboff\u00bb button_letter_spacing__hover_enabled=\u00bbon\u00bb button_letter_spacing__hover=\u00bb2px\u00bb button_one_letter_spacing__hover_enabled=\u00bboff\u00bb button_two_letter_spacing__hover_enabled=\u00bboff\u00bb button_bg_color__hover_enabled=\u00bboff\u00bb button_one_bg_color__hover_enabled=\u00bboff\u00bb button_two_bg_color__hover_enabled=\u00bboff\u00bb][\/et_pb_button][\/et_pb_column][et_pb_column type=\u00bb1_2&#8243; _builder_version=\u00bb4.9.4&#8243; background_color=\u00bbgcid-f8963ed7-545b-4e17-a8d0-2085bea76123&#8243; custom_padding=\u00bb100px|5%|100px|5%\u00bb global_colors_info=\u00bb{%22gcid-f8963ed7-545b-4e17-a8d0-2085bea76123%22:%91%22background_color%22%93}\u00bb custom_padding__hover=\u00bb|||\u00bb][et_pb_text _builder_version=\u00bb4.9.4&#8243; text_font=\u00bbRoboto|300|||||||\u00bb text_text_color=\u00bb#000000&#8243; text_font_size=\u00bb24px\u00bb text_line_height=\u00bb1.8em\u00bb header_font=\u00bb||||||||\u00bb header_font_size=\u00bb24px\u00bb header_3_font=\u00bbRoboto|300|||||||\u00bb header_3_text_align=\u00bbleft\u00bb header_3_text_color=\u00bbgcid-e3ca3f3b-df8f-44ba-bc6d-c6f53b852331&#8243; background_size=\u00bbinitial\u00bb background_position=\u00bbtop_left\u00bb background_repeat=\u00bbrepeat\u00bb background_layout=\u00bbdark\u00bb module_alignment=\u00bbcenter\u00bb global_colors_info=\u00bb{%22gcid-e3ca3f3b-df8f-44ba-bc6d-c6f53b852331%22:%91%22header_3_text_color%22%93}\u00bb]<\/p>\n<h3>Para usuarios no expertos<\/h3>\n<p>Facilidad de uso a trav\u00e9s de navegador web.<\/p>\n<p>[\/et_pb_text][et_pb_signup mailchimp_list=\u00bbMailChimp|03dac884f0&#8243; title=\u00bbSuscr\u00edbete a nuestra Newsletter\u00bb button_text=\u00bbSuscr\u00edbir\u00bb description=\u00bb<\/p>\n<p>Kayrox, experiencias inmersivas on-line<\/p>\n<p>\u00bb _builder_version=\u00bb4.9.4&#8243; form_field_background_color=\u00bb#FFFFFF\u00bb form_field_text_color=\u00bb#000000&#8243; form_field_focus_background_color=\u00bb#111111&#8243; form_field_focus_text_color=\u00bb#ffffff\u00bb header_level=\u00bbh3&#8243; header_font=\u00bbRoboto|300|||||||\u00bb header_text_align=\u00bbleft\u00bb header_text_color=\u00bb#000000&#8243; header_font_size=\u00bb24px\u00bb header_line_height=\u00bb1.8em\u00bb body_font=\u00bbRoboto|300|||||||\u00bb body_text_align=\u00bbleft\u00bb body_text_color=\u00bb#000000&#8243; body_font_size=\u00bb17px\u00bb body_line_height=\u00bb1.8em\u00bb form_field_font=\u00bbRoboto|300|||||||\u00bb use_background_color=\u00bboff\u00bb custom_button=\u00bbon\u00bb button_text_size=\u00bb23px\u00bb button_text_color=\u00bbgcid-e3ca3f3b-df8f-44ba-bc6d-c6f53b852331&#8243; button_bg_color=\u00bbRGBA(0,0,0,0)\u00bb button_border_width=\u00bb3px\u00bb button_border_color=\u00bbgcid-e3ca3f3b-df8f-44ba-bc6d-c6f53b852331&#8243; button_border_radius=\u00bb0px\u00bb button_letter_spacing=\u00bb2px\u00bb button_font=\u00bbRoboto|300||on|||||\u00bb button_use_icon=\u00bboff\u00bb text_orientation=\u00bbcenter\u00bb custom_margin=\u00bb||||false|false\u00bb custom_padding=\u00bb||||false|false\u00bb result_message_font_size_tablet=\u00bb51&#8243; result_message_line_height_tablet=\u00bb2&#8243; button_border_radius_hover=\u00bb0px\u00bb button_letter_spacing_hover=\u00bb2px\u00bb focus_background_color=\u00bb#111111&#8243; focus_text_color=\u00bb#ffffff\u00bb global_colors_info=\u00bb{%22gcid-f8963ed7-545b-4e17-a8d0-2085bea76123%22:%91%93,%22gcid-e3ca3f3b-df8f-44ba-bc6d-c6f53b852331%22:%91%22button_text_color%22,%22button_border_color%22%93}\u00bb button_text_size__hover_enabled=\u00bboff\u00bb button_one_text_size__hover_enabled=\u00bboff\u00bb button_two_text_size__hover_enabled=\u00bboff\u00bb button_text_color__hover_enabled=\u00bboff\u00bb button_one_text_color__hover_enabled=\u00bboff\u00bb button_two_text_color__hover_enabled=\u00bboff\u00bb button_border_width__hover_enabled=\u00bboff\u00bb button_one_border_width__hover_enabled=\u00bboff\u00bb button_two_border_width__hover_enabled=\u00bboff\u00bb button_border_color__hover_enabled=\u00bboff\u00bb button_one_border_color__hover_enabled=\u00bboff\u00bb button_two_border_color__hover_enabled=\u00bboff\u00bb button_border_radius__hover_enabled=\u00bbon\u00bb button_border_radius__hover=\u00bb0px\u00bb button_one_border_radius__hover_enabled=\u00bboff\u00bb button_two_border_radius__hover_enabled=\u00bboff\u00bb button_letter_spacing__hover_enabled=\u00bbon\u00bb button_letter_spacing__hover=\u00bb2px\u00bb button_one_letter_spacing__hover_enabled=\u00bboff\u00bb button_two_letter_spacing__hover_enabled=\u00bboff\u00bb button_bg_color__hover_enabled=\u00bboff\u00bb button_one_bg_color__hover_enabled=\u00bboff\u00bb button_two_bg_color__hover_enabled=\u00bboff\u00bb]<\/p>\n<p>Dialogue is an essential part of any script<\/p>\n<p>[\/et_pb_signup][\/et_pb_column][\/et_pb_row][\/et_pb_section]<\/p>\n","protected":false},"excerpt":{"rendered":"<p>BlogCREA EXPERIENCIAS INMERSIVAS para la formaci\u00f3n y capacitaci\u00f3n que cubren el ciclo de aprendizaje inmersivo, con posibilidad de tele asistencia, y todo, en una \u00fanica herramienta.Kayrox Creaci\u00f3n y publicaci\u00f3n de experiencias inmersivas de manera \u00e1gil e intuitiva.ContactoLunes &#8211; Viernes 09:00am \u2013 17:00pmParque Tecnol\u00f3gico de ZamudioEdificio 700Parque Zamudio, Bizkaia \u2014 SpainPara usuarios no expertos Facilidad de [&hellip;]<\/p>\n","protected":false},"author":2,"featured_media":0,"parent":2,"menu_order":0,"comment_status":"closed","ping_status":"closed","template":"","meta":{"_et_pb_use_builder":"on","_et_pb_old_content":"","_et_gb_content_width":"","footnotes":""},"class_list":["post-196","page","type-page","status-publish","hentry"],"_links":{"self":[{"href":"https:\/\/kayrox.com\/index.php?rest_route=\/wp\/v2\/pages\/196","targetHints":{"allow":["GET"]}}],"collection":[{"href":"https:\/\/kayrox.com\/index.php?rest_route=\/wp\/v2\/pages"}],"about":[{"href":"https:\/\/kayrox.com\/index.php?rest_route=\/wp\/v2\/types\/page"}],"author":[{"embeddable":true,"href":"https:\/\/kayrox.com\/index.php?rest_route=\/wp\/v2\/users\/2"}],"replies":[{"embeddable":true,"href":"https:\/\/kayrox.com\/index.php?rest_route=%2Fwp%2Fv2%2Fcomments&post=196"}],"version-history":[{"count":5,"href":"https:\/\/kayrox.com\/index.php?rest_route=\/wp\/v2\/pages\/196\/revisions"}],"predecessor-version":[{"id":220,"href":"https:\/\/kayrox.com\/index.php?rest_route=\/wp\/v2\/pages\/196\/revisions\/220"}],"up":[{"embeddable":true,"href":"https:\/\/kayrox.com\/index.php?rest_route=\/wp\/v2\/pages\/2"}],"wp:attachment":[{"href":"https:\/\/kayrox.com\/index.php?rest_route=%2Fwp%2Fv2%2Fmedia&parent=196"}],"curies":[{"name":"wp","href":"https:\/\/api.w.org\/{rel}","templated":true}]}}